{"id":258,"date":"2015-08-31T23:11:35","date_gmt":"2015-08-31T20:11:35","guid":{"rendered":"http:\/\/kk.szka.org\/?page_id=258"},"modified":"2015-09-06T13:02:04","modified_gmt":"2015-09-06T10:02:04","slug":"online-kartyaigenyles","status":"publish","type":"page","link":"https:\/\/kk.szka.ro\/?page_id=258","title":{"rendered":"Online k\u00e1rtyaig\u00e9nyl\u00e9s"},"content":{"rendered":"<div class=\"entry-content\" itemprop=\"text\">\n<div class=\"wpb-content-wrapper\">[vc_row][vc_column][vc_column_text]<span style=\"font-weight: 400;\">A k\u00f6z\u00f6ss\u00e9gi k\u00e1rtya ingyenes, amit az SZKA biztos\u00edt. Ha m\u00e9g nincs k\u00f6z\u00f6ss\u00e9gi k\u00e1rty\u00e1ja, akkor k\u00f6nnyen szert tehet r\u00e1 k\u00e9t m\u00f3don is:<\/span><\/p>\n<ul>\n<li style=\"font-weight: 400;\"><span style=\"font-weight: 400;\">partner\u00fczleteinkben a p\u00e9nzt\u00e1rn\u00e1l t\u00f6ltse ki adataival az ig\u00e9nyl\u0151lapot, \u00e9s ott helyben megkapja k\u00e1rty\u00e1j\u00e1t;<\/span><\/li>\n<li style=\"font-weight: 400;\"><span style=\"font-weight: 400;\">ig\u00e9nyelje online a k\u00e1rty\u00e1t az al\u00e1bbi k\u00e1rtyaig\u00e9nyl\u0151 lap kit\u00f6lt\u00e9s\u00e9vel. Ez esetben a megszem\u00e9lyes\u00edtett, vonalk\u00f3ddal ell\u00e1tott k\u00e1rty\u00e1j\u00e1t az \u0171rlapban \u00d6n \u00e1ltal megjel\u00f6lt helysz\u00ednen veheti \u00e1t.<\/span><\/li>\n<\/ul>\n[\/vc_column_text][\/vc_column][\/vc_row][vc_row][vc_column width=&#8221;1\/2&#8243;][vc_btn title=&#8221;Online k\u00e1rtyaig\u00e9nyl\u00e9s&#8221; style=&#8221;3d&#8221; color=&#8221;info&#8221; align=&#8221;center&#8221; link=&#8221;url:http%3A%2F%2Fkk.szka.org%2F%3Fpage_id%3D359||target:%20_blank&#8221;][\/vc_column][vc_column width=&#8221;1\/2&#8243;][vc_btn title=&#8221;K\u00f6z\u00f6ss\u00e9gi k\u00e1rtya adatfriss\u00edt\u00e9s&#8221; style=&#8221;3d&#8221; color=&#8221;success&#8221; align=&#8221;center&#8221; link=&#8221;url:http%3A%2F%2Fkk.szka.org%2F%3Fpage_id%3D390||&#8221;][\/vc_column][\/vc_row][vc_row][vc_column]<div id=\"ultimate-heading-771869fe115f5ac84\" class=\"uvc-heading ult-adjust-bottom-margin ultimate-heading-771869fe115f5ac84 uvc-5758 \" data-hspacer=\"line_with_icon\" data-hline_width=\"auto\" data-hicon_type=\"custom\" data-hborder_style=\"solid\" data-hborder_height=\"1\" data-hborder_color=\"#303030\" data-icon_width=\"36\" data-hfixer=\"10\"  data-halign=\"center\" style=\"text-align:center\"><div class=\"uvc-heading-spacer line_with_icon\" style=\"top\"><div class=\"ult-just-icon-wrapper  \"><div class=\"align-icon\" style=\"text-align:center;\">\n<div class=\"aio-icon-img \" style=\"font-size:36px;display:inline-block;\" >\n\t<img decoding=\"async\" class=\"img-icon\" alt=\"\" src=\"https:\/\/kk.szka.ro\/wp-content\/uploads\/2015\/06\/flower199.png\"\/>\n<\/div><\/div><\/div><\/div><\/div>[\/vc_column][\/vc_row]\n\n<\/div>\n<\/div>\n","protected":false},"excerpt":{"rendered":"<div class=\"entry-summary\" itemprop=\"text\">\n<p>[vc_row][vc_column][vc_column_text]A k\u00f6z\u00f6ss\u00e9gi k\u00e1rtya ingyenes, amit az SZKA biztos\u00edt. Ha m\u00e9g nincs k\u00f6z\u00f6ss\u00e9gi k\u00e1rty\u00e1ja, akkor k\u00f6nnyen szert tehet r\u00e1 k\u00e9t m\u00f3don is: partner\u00fczleteinkben a p\u00e9nzt\u00e1rn\u00e1l t\u00f6ltse ki adataival az ig\u00e9nyl\u0151lapot, \u00e9s ott helyben megkapja k\u00e1rty\u00e1j\u00e1t; ig\u00e9nyelje online a k\u00e1rty\u00e1t az al\u00e1bbi k\u00e1rtyaig\u00e9nyl\u0151 lap kit\u00f6lt\u00e9s\u00e9vel. Ez esetben a megszem\u00e9lyes\u00edtett, vonalk\u00f3ddal ell\u00e1tott k\u00e1rty\u00e1j\u00e1t az \u0171rlapban \u00d6n \u00e1ltal megjel\u00f6lt &#8230;<\/p>\n\n<\/div>\n","protected":false},"author":1,"featured_media":0,"parent":0,"menu_order":0,"comment_status":"closed","ping_status":"closed","template":"","meta":{"footnotes":""},"class_list":["post-258","page","type-page","status-publish","hentry","entry-lead"],"_links":{"self":[{"href":"https:\/\/kk.szka.ro\/index.php?rest_route=\/wp\/v2\/pages\/258","targetHints":{"allow":["GET"]}}],"collection":[{"href":"https:\/\/kk.szka.ro\/index.php?rest_route=\/wp\/v2\/pages"}],"about":[{"href":"https:\/\/kk.szka.ro\/index.php?rest_route=\/wp\/v2\/types\/page"}],"author":[{"embeddable":true,"href":"https:\/\/kk.szka.ro\/index.php?rest_route=\/wp\/v2\/users\/1"}],"replies":[{"embeddable":true,"href":"https:\/\/kk.szka.ro\/index.php?rest_route=%2Fwp%2Fv2%2Fcomments&post=258"}],"version-history":[{"count":0,"href":"https:\/\/kk.szka.ro\/index.php?rest_route=\/wp\/v2\/pages\/258\/revisions"}],"wp:attachment":[{"href":"https:\/\/kk.szka.ro\/index.php?rest_route=%2Fwp%2Fv2%2Fmedia&parent=258"}],"curies":[{"name":"wp","href":"https:\/\/api.w.org\/{rel}","templated":true}]}}