{"id":120,"date":"2015-07-08T23:23:28","date_gmt":"2015-07-08T20:23:28","guid":{"rendered":"http:\/\/kk.szka.org\/?page_id=120"},"modified":"2016-02-09T10:07:47","modified_gmt":"2016-02-09T07:07:47","slug":"tamogatasi-programok","status":"publish","type":"page","link":"https:\/\/kk.szka.ro\/?page_id=120","title":{"rendered":"T\u00e1mogat\u00e1si programok"},"content":{"rendered":"<div class=\"entry-content\" itemprop=\"text\">\n<div class=\"wpb-content-wrapper\">[vc_row][vc_column][vc_column_text]A k\u00f6z\u00f6ss\u00e9gi k\u00e1rtya haszn\u00e1lata r\u00e9v\u00e9n keletkez\u0151 k\u00f6z\u00f6ss\u00e9gi alap 75%-\u00e1t t\u00e1mogat\u00e1si programok keret\u00e9ben visszaford\u00edtjuk a k\u00f6z\u00f6ss\u00e9g fejl\u0151d\u00e9s\u00e9re. Az alap 25%-\u00e1b\u00f3l a program adminisztrat\u00edv \u00e9s kommunik\u00e1ci\u00f3s k\u00f6lts\u00e9geit fedezz\u00fck.<\/p>\n<p>A k\u00f6z\u00f6ss\u00e9gi alapb\u00f3l az al\u00e1bbi t\u00e1mogat\u00e1si programokat m\u0171k\u00f6dtetj\u00fck:\u00a0<strong>\u00d6n d\u00f6nt!<\/strong>,\u00a0<strong>J\u00f3 \u00f6tlet\u00a0<\/strong>\u00e9s\u00a0<strong>Kis G\u00f3b\u00e9 Alap<\/strong>.[\/vc_column_text]<div id=\"ultimate-heading-393969fe1208d9b83\" class=\"uvc-heading ult-adjust-bottom-margin ultimate-heading-393969fe1208d9b83 uvc-2958 \" data-hspacer=\"line_with_icon\" data-hline_width=\"auto\" data-hicon_type=\"custom\" data-hborder_style=\"solid\" data-hborder_height=\"1\" data-hborder_color=\"#ccc\" data-icon_width=\"36\" data-hfixer=\"10\"  data-halign=\"center\" style=\"text-align:center\"><div class=\"uvc-heading-spacer line_with_icon\" style=\"top\"><div class=\"ult-just-icon-wrapper  \"><div class=\"align-icon\" style=\"text-align:center;\">\n<div class=\"aio-icon-img \" style=\"font-size:36px;display:inline-block;\" >\n\t<img decoding=\"async\" class=\"img-icon\" alt=\"\" src=\"https:\/\/kk.szka.ro\/wp-content\/uploads\/2015\/06\/flower199.png\"\/>\n<\/div><\/div><\/div><\/div><\/div>[\/vc_column][\/vc_row][vc_row][vc_column][vc_tta_accordion color=&#8221;peacoc&#8221; spacing=&#8221;3&#8243; active_section=&#8221;100&#8243;][vc_tta_section title=&#8221;\u00d6n d\u00f6nt!&#8221; tab_id=&#8221;1441090868919-31a1949c-90af&#8221;]<div class=\"ult-just-icon-wrapper  \"><div class=\"align-icon\" style=\"text-align:center;\">\n<div class=\"aio-icon-img \" style=\"font-size:170px;display:inline-block;\" >\n\t<img decoding=\"async\" class=\"img-icon\" alt=\"\" src=\"https:\/\/kk.szka.ro\/wp-content\/uploads\/2015\/06\/kk_logo-.jpg\"\/>\n<\/div><\/div><\/div>[vc_column_text]\n<h4>C\u00e9lja<\/h4>\n<p>A K\u00f6z\u00f6ss\u00e9gi Alap\u00edtv\u00e1ny egyik kiemelt c\u00e9lja az udvarhelyi \u00e9s udvarhelysz\u00e9ki civil szf\u00e9ra fejleszt\u00e9se eszk\u00f6z \u00e9s anyagbeszerz\u00e9s, tov\u00e1bb\u00e1 PR \u00e9s marketing tev\u00e9kenys\u00e9gek t\u00e1mogat\u00e1sa r\u00e9v\u00e9n. <span style=\"font-weight: 400;\"><em>\u00d6n d\u00f6nt!<\/em> elnevez\u00e9s\u0171 p\u00e1ly\u00e1zatunk<\/span> r\u00e9v\u00e9n a civil szervezetek is megmutatkozhatnak, melynek keret\u00e9ben nyilv\u00e1noss\u00e1 tehetik, hogy milyen tev\u00e9kenys\u00e9gek r\u00e9v\u00e9n \u00e1llnak a v\u00e1ros \u00e9s a t\u00e9rs\u00e9g szolg\u00e1lat\u00e1ba.<\/p>\n<p><a href=\"http:\/\/kk.szka.org\/wp-content\/uploads\/2015\/07\/ondont_kollazs-.jpg\"><img loading=\"lazy\" decoding=\"async\" class=\"aligncenter size-large wp-image-295\" src=\"http:\/\/kk.szka.org\/wp-content\/uploads\/2015\/07\/ondont_kollazs--1024x717.jpg\" alt=\"\" width=\"640\" height=\"448\" srcset=\"https:\/\/kk.szka.ro\/wp-content\/uploads\/2015\/07\/ondont_kollazs--1024x717.jpg 1024w, https:\/\/kk.szka.ro\/wp-content\/uploads\/2015\/07\/ondont_kollazs--300x210.jpg 300w, https:\/\/kk.szka.ro\/wp-content\/uploads\/2015\/07\/ondont_kollazs--640x448.jpg 640w, https:\/\/kk.szka.ro\/wp-content\/uploads\/2015\/07\/ondont_kollazs-.jpg 2048w\" sizes=\"auto, (max-width: 640px) 100vw, 640px\" \/><\/a><\/p>\n<p>&nbsp;<\/p>\n<h4><\/h4>\n<h4>Mire lehet p\u00e1ly\u00e1zni?<\/h4>\n<p>A kor\u00e1bbi \u00e9vekben (civil szervezetek ig\u00e9nyeihez alkalmazkodva) t\u00f6bbnyire eszk\u00f6zbeszerz\u00e9sre valamint PR \u00e9s marketing tev\u00e9kenys\u00e9gre sz\u00f3lt a ki\u00edr\u00e1s. A j\u00f6v\u0151ben viszont ez v\u00e1ltozhat. C\u00e9lunk a civil szervezetek bevon\u00e1sa a program n\u00e9pszer\u0171s\u00edt\u00e9s\u00e9be is.<\/p>\n<p>&nbsp;<\/p>\n<h4>\u00d6sszeg<\/h4>\n<p>A p\u00e1ly\u00e1zati keret\u00f6sszeg ki\u00edr\u00e1sonk\u00e9nt 12 ezer lej.<\/p>\n<p>&nbsp;<\/p>\n<p>2010-t\u0151l 2015 v\u00e9g\u00e9ig \u00f6sszesen 178\u00a0832.93 lejt p\u00e1ly\u00e1ztattunk ki, 50\u00a0civil szervezetet seg\u00edtve.<\/p>\n<ul class=\"nav nav-tabs\" id=\"\"><li class=\"active\"><a href=\"#custom-tab-0-d7a84628c025d30f7b2c52c958767e76\" data-toggle=\"tab\" >2010<\/a><\/li><li><a href=\"#custom-tab-0-c8758b517083196f05ac29810b924aca\" data-toggle=\"tab\" >2011<\/a><\/li><li><a href=\"#custom-tab-0-253614bbac999b38b5b60cae531c4969\" data-toggle=\"tab\" >2012<\/a><\/li><li><a href=\"#custom-tab-0-8038da89e49ac5eabb489cfc6cea9fc1\" data-toggle=\"tab\" >2013<\/a><\/li><li><a href=\"#custom-tab-0-cee8d6b7ce52554fd70354e37bbf44a2\" data-toggle=\"tab\" >2014<\/a><\/li><li><a href=\"#custom-tab-0-65d2ea03425887a717c435081cfc5dbb\" data-toggle=\"tab\" >2015<\/a><\/li><\/ul><div class=\"tab-content\">\n<div id=\"custom-tab-0-d7a84628c025d30f7b2c52c958767e76\" class=\"tab-pane\">\n<p><center>A 2010-ben kip\u00e1ly\u00e1ztatott teljes \u00f6sszeg \u00e9rt\u00e9ke: <b>5000<\/b> lej<br \/>\n<iframe loading=\"lazy\" src=\"http:\/\/live.amcharts.com\/4MzMw\/embed\/\" width=\"600\" height=\"300\" frameborder=\"0\"><\/iframe><\/center><\/div>\n<div id=\"custom-tab-0-c8758b517083196f05ac29810b924aca\" class=\"tab-pane\">\n<p><center>A 2011-ben kip\u00e1ly\u00e1ztatott teljes \u00f6sszeg \u00e9rt\u00e9ke: <b>16 924<\/b> lej<br \/>\n<iframe loading=\"lazy\" src=\"http:\/\/live.amcharts.com\/0YmQy\/embed\/\" width=\"600\" height=\"400\" frameborder=\"0\"><\/iframe><\/center><\/div>\n<div id=\"custom-tab-0-253614bbac999b38b5b60cae531c4969\" class=\"tab-pane\">\n<p><center>A 2012-ben kip\u00e1ly\u00e1ztatott teljes \u00f6sszeg \u00e9rt\u00e9ke: <b>27 785.79<\/b> lej<br \/>\n<iframe loading=\"lazy\" src=\"http:\/\/live.amcharts.com\/jc1Nm\/embed\/\" width=\"600\" height=\"400\" frameborder=\"0\"><\/iframe><\/center><\/div>\n<div id=\"custom-tab-0-8038da89e49ac5eabb489cfc6cea9fc1\" class=\"tab-pane\">\n<p><center>A 2013-ban kip\u00e1ly\u00e1ztatott teljes \u00f6sszeg \u00e9rt\u00e9ke: <b>38 850.60<\/b> lej<br \/>\n<iframe loading=\"lazy\" src=\"https:\/\/live.amcharts.com\/0MzVl\/embed\/\" width=\"750\" height=\"400\" frameborder=\"0\"><\/iframe><\/center><\/div>\n<div id=\"custom-tab-0-cee8d6b7ce52554fd70354e37bbf44a2\" class=\"tab-pane\">\n<p><center>A 2014-ben kip\u00e1ly\u00e1ztatott teljes \u00f6sszeg \u00e9rt\u00e9ke: <b>53 440.20<\/b> lej<br \/>\n<iframe loading=\"lazy\" src=\"http:\/\/live.amcharts.com\/gwYzg\/embed\/\" width=\"750\" height=\"400\" frameborder=\"0\"><\/iframe><\/center><\/div>\n<div id=\"custom-tab-0-65d2ea03425887a717c435081cfc5dbb\" class=\"tab-pane\">\n<p><center>A 2015-ben kip\u00e1ly\u00e1ztatott teljes \u00f6sszeg \u00e9rt\u00e9ke: <strong>36<\/strong><b>\u00a0832.34<\/b> lej<br \/>\n<iframe loading=\"lazy\" src=\"http:\/\/live.amcharts.com\/TllYm\/embed\/\" width=\"700\" height=\"400\" frameborder=\"0\"><\/iframe><\/center><\/div>\n<\/div>\n<p>&nbsp;<\/p>\n<h4>P\u00e1ly\u00e1zat meghirdet\u00e9s\u00e9nek gyakoris\u00e1ga<\/h4>\n<p>\u00c9vente <span style=\"font-weight: 400;\">h\u00e1rom alkalommal hirdetj\u00fck meg: k\u00e9tszer a v\u00e1rosi, illetve egyszer a vid\u00e9ki civil szervezeteknek sz\u00f3l a program.<\/span><\/p>\n<p>&nbsp;<\/p>\n<h4>Ki p\u00e1ly\u00e1zhat\/felt\u00e9telek?<\/h4>\n<p>Udvarhelyi \u00e9s udvarhelysz\u00e9ki civil szervezetek, kezdem\u00e9nyez\u00e9si csoportok vagy mag\u00e1nszem\u00e9lyek (ut\u00f3bbi kett\u0151 gazdaszervezet \u00e1ltal).<\/p>\n<p><span style=\"font-weight: 400;\">A p\u00e1ly\u00e1z\u00f3 a ki\u00edr\u00e1sban megnevezett alapdokumentumok m\u00e1solatait,<\/span>\u00a0a kit\u00f6lt\u00f6tt p\u00e1ly\u00e1zati \u0171rlapot, sz\u00fcks\u00e9g szerint \u00e1raj\u00e1nlatot illetve a p\u00e1ly\u00e1zati felel\u0151s \u00f6n\u00e9letrajz\u00e1t kell eljuttassa irod\u00e1nkba.<\/p>\n<p>A p\u00e1ly\u00e1z\u00f3nak \u00f6nr\u00e9szt is kell v\u00e1llalnia (alapesetben a teljes \u00f6sszeg min. 10%-a, de ki\u00edr\u00e1sonk\u00e9nt v\u00e1ltozhat).<\/p>\n<p><span style=\"font-weight: 400;\">A p\u00e1ly\u00e1z\u00f3 a ki\u00edr\u00e1sban felt\u00fcntetett hat\u00e1rid\u0151n bel\u00fcl k\u00f6teles megval\u00f3s\u00edtani projektj\u00e9t, illetve egy narrat\u00edv, \u00e9s egy p\u00e9nz\u00fcgyi besz\u00e1mol\u00f3 elk\u00e9sz\u00edt\u00e9s\u00e9t is v\u00e1llalnia kell.<\/span><\/p>\n<p>A nyertes p\u00e1ly\u00e1z\u00f3k a megp\u00e1ly\u00e1zott \u00f6sszeg 90%-\u00e1val a szerz\u0151d\u00e9s megk\u00f6t\u00e9s\u00e9t k\u00f6vet\u0151en rendelkezhetnek, a marad\u00e9k 10% \u00e1tutal\u00e1s\u00e1ra az elsz\u00e1mol\u00e1st k\u00f6vet\u0151en ker\u00fcl sor.[\/vc_column_text][\/vc_tta_section][vc_tta_section title=&#8221;J\u00f3 \u00f6tlet&#8221; tab_id=&#8221;1441090165334-77137b3a-efae&#8221;]<div class=\"ult-just-icon-wrapper  \"><div class=\"align-icon\" style=\"text-align:center;\">\n<div class=\"aio-icon-img \" style=\"font-size:200px;display:inline-block;\" >\n\t<img decoding=\"async\" class=\"img-icon\" alt=\"\" src=\"https:\/\/kk.szka.ro\/wp-content\/uploads\/2015\/07\/jo-otlet-logo_kk.jpg\"\/>\n<\/div><\/div><\/div>[vc_column_text]<strong>C\u00e9lja<\/strong><\/p>\n<p>K\u00f6rnyezet\u00e9ben felel\u0151sen \u00e9s tudatosan, eg\u00e9szs\u00e9gesen \u00e9l\u0151, akt\u00edv k\u00f6z\u00f6ss\u00e9g \u00e9p\u00edt\u00e9se. Ezen bel\u00fcl operat\u00edv c\u00e9lkit\u0171z\u00e9sei:<\/p>\n<ul>\n<li>k\u00f6rnyezetv\u00e9delmi nevel\u00e9s \u00e9s term\u00e9szetj\u00e1r\u00e1s \u00f6szt\u00f6nz\u00e9se;<\/li>\n<li>term\u00e9szeti \u00e9rt\u00e9keink tudatos\u00edt\u00e1sa;<\/li>\n<li>biciklis k\u00f6zleked\u00e9s \u00f6szt\u00f6nz\u00e9se;<\/li>\n<li>az eg\u00e9szs\u00e9gesen \u00e9l\u0151, akt\u00edv lakoss\u00e1g sz\u00e1m\u00e1nak n\u00f6vel\u00e9se;<\/li>\n<li>kreat\u00edv hullad\u00e9khasznos\u00edt\u00e1s \u00f6szt\u00f6nz\u00e9se;<\/li>\n<li>hullad\u00e9ktermel\u00e9s cs\u00f6kkent\u00e9se.<\/li>\n<\/ul>\n<p><strong>Gyakoris\u00e1g<\/strong><\/p>\n<ul>\n<li>\u00e9vente egyszer<\/li>\n<\/ul>\n<p><strong>Keret\u00f6sszeg<\/strong><\/p>\n<ul>\n<li>25 000 lej<\/li>\n<\/ul>\n<ul class=\"nav nav-tabs\" id=\"\"><li class=\"active\"><a href=\"#custom-tab-1-ef8446f35513a8d6aa2308357a268a7e\" data-toggle=\"tab\" >2008<\/a><\/li><li><a href=\"#custom-tab-1-f1981e4bd8a0d6d8462016d2fc6276b3\" data-toggle=\"tab\" >2009<\/a><\/li><li><a href=\"#custom-tab-1-d7a84628c025d30f7b2c52c958767e76\" data-toggle=\"tab\" >2010<\/a><\/li><li><a href=\"#custom-tab-1-c8758b517083196f05ac29810b924aca\" data-toggle=\"tab\" >2011<\/a><\/li><li><a href=\"#custom-tab-1-cee8d6b7ce52554fd70354e37bbf44a2\" data-toggle=\"tab\" >2014<\/a><\/li><li><a href=\"#custom-tab-1-65d2ea03425887a717c435081cfc5dbb\" data-toggle=\"tab\" >2015<\/a><\/li><\/ul><div class=\"tab-content\">\n<div id=\"custom-tab-1-ef8446f35513a8d6aa2308357a268a7e\" class=\"tab-pane\">\n<p><center>A 2008-ban kip\u00e1ly\u00e1ztatott teljes \u00f6sszeg \u00e9rt\u00e9ke: <b>12 705<\/b> lej<br \/>\n<iframe loading=\"lazy\" src=\"https:\/\/live.amcharts.com\/YTIyM\/embed\/\" width=\"750\" height=\"400\" frameborder=\"0\"><\/iframe><\/center><\/div>\n<div id=\"custom-tab-1-f1981e4bd8a0d6d8462016d2fc6276b3\" class=\"tab-pane\">\n<p><center>A 2009-ben kip\u00e1ly\u00e1ztatott teljes \u00f6sszeg \u00e9rt\u00e9ke: <b>18 252.07<\/b> lej<br \/>\n<iframe loading=\"lazy\" src=\"https:\/\/live.amcharts.com\/ZGY3Y\/embed\/\" width=\"750\" height=\"400\" frameborder=\"0\"><\/iframe><\/center><\/div>\n<div id=\"custom-tab-1-d7a84628c025d30f7b2c52c958767e76\" class=\"tab-pane\">\n<p><center>A 2010-ben kip\u00e1ly\u00e1ztatott teljes \u00f6sszeg \u00e9rt\u00e9ke: <b>36 855.6<\/b> lej<br \/>\n<iframe loading=\"lazy\" src=\"https:\/\/live.amcharts.com\/I5ODI\/embed\/\" width=\"750\" height=\"400\" frameborder=\"0\"><\/iframe><\/center><\/div>\n<div id=\"custom-tab-1-c8758b517083196f05ac29810b924aca\" class=\"tab-pane\">\n<p><center>A 2011-ben kip\u00e1ly\u00e1ztatott teljes \u00f6sszeg \u00e9rt\u00e9ke: <b>35 300.01<\/b> lej<br \/>\n<iframe loading=\"lazy\" src=\"https:\/\/live.amcharts.com\/VlOWR\/embed\/\" width=\"600\" height=\"400\" frameborder=\"0\"><\/iframe><\/center><\/div>\n<div id=\"custom-tab-1-cee8d6b7ce52554fd70354e37bbf44a2\" class=\"tab-pane\">\n<p><center>A 2014-ben kip\u00e1ly\u00e1ztatott teljes \u00f6sszeg \u00e9rt\u00e9ke: <b>4726<\/b> lej<br \/>\n<iframe loading=\"lazy\" src=\"https:\/\/live.amcharts.com\/I5ZTF\/embed\/\" width=\"750\" height=\"400\" frameborder=\"0\"><\/iframe><\/center><\/div>\n<div id=\"custom-tab-1-65d2ea03425887a717c435081cfc5dbb\" class=\"tab-pane\">\n<p><center>A 2015-ben kip\u00e1ly\u00e1ztatott teljes \u00f6sszeg \u00e9rt\u00e9ke: <b>24 364.14<\/b> lej<br \/>\n<iframe loading=\"lazy\" src=\"https:\/\/live.amcharts.com\/UzYmR\/embed\/\" width=\"750\" height=\"400\" frameborder=\"0\"><\/iframe><\/center><\/div>\n<\/div>\n<p><strong>P\u00e1ly\u00e1zati felt\u00e9telek<\/strong><\/p>\n<p>A fentebb ismertetett c\u00e9lkit\u0171z\u00e9sek el\u00e9r\u00e9s\u00e9t szolg\u00e1l\u00f3 nevel\u0151, oktat\u00f3 \u00e9s n\u00e9pszer\u0171s\u00edt\u0151 jelleg\u0171 k\u00f6z\u00f6ss\u00e9gi tev\u00e9kenys\u00e9gek megval\u00f3s\u00edt\u00e1sa, mint p\u00e9ld\u00e1ul:<\/p>\n<ul>\n<li>figyelemfelkelt\u0151, inform\u00e1l\u00f3 \u00e9s tudatos\u00edt\u00f3 kamp\u00e1nyok, gerilla akci\u00f3k<\/li>\n<li>k\u00e9pz\u00e9s, kir\u00e1ndul\u00e1s, illetve m\u00e1s nonform\u00e1lis \u00e9s inform\u00e1lis nevel\u0151 tev\u00e9kenys\u00e9gek<\/li>\n<li>kiemelked\u0151 eredm\u00e9nyek, p\u00e9lda\u00e9rt\u00e9k\u0171 alkot\u00e1sok d\u00edjaz\u00e1sa<\/li>\n<li>tematikus nap szervez\u00e9se, melyek az eg\u00e9szs\u00e9ges \u00e9letm\u00f3dhoz, bicikliz\u00e9shez kapcsol\u00f3dnak \u00e9s tov\u00e1bbi kreat\u00edv, innovat\u00edv \u00f6tletek.<\/li>\n<\/ul>\n[\/vc_column_text][\/vc_tta_section][vc_tta_section title=&#8221;Kis G\u00f3b\u00e9 Alap&#8221; tab_id=&#8221;1441090165609-a728dc6c-6c64&#8243;]<div class=\"ult-just-icon-wrapper  \"><div class=\"align-icon\" style=\"text-align:center;\">\n<div class=\"aio-icon-img \" style=\"font-size:120px;display:inline-block;\" >\n\t<img decoding=\"async\" class=\"img-icon\" alt=\"\" src=\"https:\/\/kk.szka.ro\/wp-content\/uploads\/2015\/07\/kis-gobe-alap-logo_kk.jpg\"\/>\n<\/div><\/div><\/div>[vc_column_text]<strong>C\u00e9lja<\/strong><\/p>\n<p>Rendszeres \u00e9s csoportban, csapatban gyakorolt sportol\u00e1sra \u00f6szt\u00f6n\u00f6zni a 6-14 \u00e9v k\u00f6z\u00f6tti gyermekeket \u00e9s fiatalokat.<\/p>\n<p>Ezen bel\u00fcl operat\u00edv c\u00e9lkit\u0171z\u00e9sei:<\/p>\n<ul>\n<li>a csoportos, illetve csapatos sportol\u00e1s n\u00e9pszer\u0171s\u00edt\u00e9se a 6-14 \u00e9v k\u00f6z\u00f6tti koroszt\u00e1ly k\u00f6r\u00e9ben;<\/li>\n<li>a sportol\u00e1s keret\u00e9ben a bar\u00e1ts\u00e1gos megm\u00e9rettet\u00e9s lehet\u0151s\u00e9g\u00e9nek megteremt\u00e9se.<\/li>\n<\/ul>\n<p><strong>Gyakoris\u00e1g<\/strong><\/p>\n<ul>\n<li>\u00e9vente egyszer<\/li>\n<\/ul>\n<p><strong>Keret\u00f6sszeg<\/strong><\/p>\n<ul>\n<li>50 000 lej<\/li>\n<\/ul>\n<ul class=\"nav nav-tabs\" id=\"\"><li class=\"active\"><a href=\"#custom-tab-2-65d2ea03425887a717c435081cfc5dbb\" data-toggle=\"tab\" >2015<\/a><\/li><\/ul><div class=\"tab-content\">\n<div id=\"custom-tab-2-65d2ea03425887a717c435081cfc5dbb\" class=\"tab-pane\">\n<p><center>A 2015-ben kip\u00e1ly\u00e1ztatott teljes \u00f6sszeg \u00e9rt\u00e9ke: <b>48 941.31<\/b> lej<br \/>\n<iframe loading=\"lazy\" src=\"https:\/\/live.amcharts.com\/ThjYT\/embed\/\" width=\"750\" height=\"400\" frameborder=\"0\"><\/iframe><\/center><\/div>\n<\/div>\n<p><strong>P\u00e1ly\u00e1zati felt\u00e9telek<\/strong><\/p>\n<p>A fentebb ismertetett \u00e1tfog\u00f3 c\u00e9l \u00e9s c\u00e9lkit\u0171z\u00e9sek el\u00e9r\u00e9s\u00e9t szolg\u00e1l\u00f3 k\u00fcl\u00f6nb\u00f6z\u0151 sport\u00e1gakhoz \u2013 ping-pong, labdar\u00fag\u00e1s, s\u00ed, k\u00e9zilabda, judo, hoki, zumba, t\u00e1nc stb. \u2013 kapcsol\u00f3d\u00f3 tev\u00e9kenys\u00e9gek, mint p\u00e9ld\u00e1ul:<\/p>\n<ul>\n<li>eg\u00e9szs\u00e9ges \u00e9tkez\u00e9s biztos\u00edt\u00e1sa a gyermekeknek, fiataloknak,<\/li>\n<li>az edz\u00e9sekhez sz\u00fcks\u00e9ges megfelel\u0151 felszerel\u00e9sek (sporteszk\u00f6z\u00f6k, mezek stb.) biztos\u00edt\u00e1sa,<\/li>\n<li>terem b\u00e9rl\u00e9se,<\/li>\n<li>kup\u00e1k szervez\u00e9se, illetve ezeken val\u00f3 r\u00e9szv\u00e9tel<\/li>\n<li>b\u00edr\u00f3i d\u00edj fedez\u00e9se.<\/li>\n<\/ul>\n[\/vc_column_text][\/vc_tta_section][\/vc_tta_accordion][\/vc_column][\/vc_row][vc_row][vc_column]<div id=\"ultimate-heading-47869fe1208db507\" class=\"uvc-heading ult-adjust-bottom-margin ultimate-heading-47869fe1208db507 uvc-9275 \" data-hspacer=\"line_with_icon\" data-hline_width=\"auto\" data-hicon_type=\"custom\" data-hborder_style=\"solid\" data-hborder_height=\"1\" data-hborder_color=\"#ccc\" data-icon_width=\"36\" data-hfixer=\"10\"  data-halign=\"center\" style=\"text-align:center\"><div class=\"uvc-heading-spacer line_with_icon\" style=\"top\"><div class=\"ult-just-icon-wrapper  \"><div class=\"align-icon\" style=\"text-align:center;\">\n<div class=\"aio-icon-img \" style=\"font-size:36px;display:inline-block;\" >\n\t<img decoding=\"async\" class=\"img-icon\" alt=\"\" src=\"https:\/\/kk.szka.ro\/wp-content\/uploads\/2015\/06\/flower199.png\"\/>\n<\/div><\/div><\/div><\/div><\/div>[\/vc_column][\/vc_row]\n\n<\/div>\n<\/div>\n","protected":false},"excerpt":{"rendered":"<div class=\"entry-summary\" itemprop=\"text\">\n<p>[vc_row][vc_column][vc_column_text]A k\u00f6z\u00f6ss\u00e9gi k\u00e1rtya haszn\u00e1lata r\u00e9v\u00e9n keletkez\u0151 k\u00f6z\u00f6ss\u00e9gi alap 75%-\u00e1t t\u00e1mogat\u00e1si programok keret\u00e9ben visszaford\u00edtjuk a k\u00f6z\u00f6ss\u00e9g fejl\u0151d\u00e9s\u00e9re. Az alap 25%-\u00e1b\u00f3l a program adminisztrat\u00edv \u00e9s kommunik\u00e1ci\u00f3s k\u00f6lts\u00e9geit fedezz\u00fck. A k\u00f6z\u00f6ss\u00e9gi alapb\u00f3l az al\u00e1bbi t\u00e1mogat\u00e1si programokat m\u0171k\u00f6dtetj\u00fck:\u00a0\u00d6n d\u00f6nt!,\u00a0J\u00f3 \u00f6tlet\u00a0\u00e9s\u00a0Kis G\u00f3b\u00e9 Alap.[\/vc_column_text][\/vc_column][\/vc_row][vc_row][vc_column][vc_tta_accordion color=&#8221;peacoc&#8221; spacing=&#8221;3&#8243; active_section=&#8221;100&#8243;][vc_tta_section title=&#8221;\u00d6n d\u00f6nt!&#8221; tab_id=&#8221;1441090868919-31a1949c-90af&#8221;][vc_column_text] C\u00e9lja A K\u00f6z\u00f6ss\u00e9gi Alap\u00edtv\u00e1ny egyik kiemelt c\u00e9lja az udvarhelyi \u00e9s udvarhelysz\u00e9ki &#8230;<\/p>\n\n<\/div>\n","protected":false},"author":1,"featured_media":0,"parent":0,"menu_order":0,"comment_status":"closed","ping_status":"closed","template":"","meta":{"footnotes":""},"class_list":["post-120","page","type-page","status-publish","hentry","entry-lead"],"_links":{"self":[{"href":"https:\/\/kk.szka.ro\/index.php?rest_route=\/wp\/v2\/pages\/120","targetHints":{"allow":["GET"]}}],"collection":[{"href":"https:\/\/kk.szka.ro\/index.php?rest_route=\/wp\/v2\/pages"}],"about":[{"href":"https:\/\/kk.szka.ro\/index.php?rest_route=\/wp\/v2\/types\/page"}],"author":[{"embeddable":true,"href":"https:\/\/kk.szka.ro\/index.php?rest_route=\/wp\/v2\/users\/1"}],"replies":[{"embeddable":true,"href":"https:\/\/kk.szka.ro\/index.php?rest_route=%2Fwp%2Fv2%2Fcomments&post=120"}],"version-history":[{"count":0,"href":"https:\/\/kk.szka.ro\/index.php?rest_route=\/wp\/v2\/pages\/120\/revisions"}],"wp:attachment":[{"href":"https:\/\/kk.szka.ro\/index.php?rest_route=%2Fwp%2Fv2%2Fmedia&parent=120"}],"curies":[{"name":"wp","href":"https:\/\/api.w.org\/{rel}","templated":true}]}}